{"id":536,"date":"2019-03-07T14:06:40","date_gmt":"2019-03-07T17:06:40","guid":{"rendered":"http:\/\/www.radiomanchester.com.br\/fm\/portfolio-copy\/"},"modified":"2025-12-14T00:03:42","modified_gmt":"2025-12-14T03:03:42","slug":"quem-somos","status":"publish","type":"page","link":"https:\/\/www.radiomanchester.com.br\/fm\/quem-somos\/","title":{"rendered":"Quem Somos"},"content":{"rendered":"\t\t<div data-elementor-type=\"wp-post\" data-elementor-id=\"536\" class=\"elementor elementor-536\" data-elementor-settings=\"[]\">\n\t\t\t\t\t\t<div class=\"elementor-inner\">\n\t\t\t\t\t\t\t<div class=\"elementor-section-wrap\">\n\t\t\t\t\t\t\t<section class=\"elementor-section elementor-top-section elementor-element elementor-element-78e8380 elementor-section-boxed elementor-section-height-default elementor-section-height-default\" data-id=\"78e8380\" data-element_type=\"section\">\n\t\t\t\t\t\t<div class=\"elementor-container elementor-column-gap-default\">\n\t\t\t\t\t\t\t<div class=\"elementor-row\">\n\t\t\t\t\t<div class=\"elementor-column elementor-col-100 elementor-top-column elementor-element elementor-element-f9ae9f4\" data-id=\"f9ae9f4\" data-element_type=\"column\">\n\t\t\t<div class=\"elementor-column-wrap elementor-element-populated\">\n\t\t\t\t\t\t\t<div class=\"elementor-widget-wrap\">\n\t\t\t\t\t\t<div class=\"elementor-element elementor-element-7ffebef elementor-widget elementor-widget-text-editor\" data-id=\"7ffebef\" data-element_type=\"widget\" data-widget_type=\"text-editor.default\">\n\t\t\t\t<div class=\"elementor-widget-container\">\n\t\t\t\t\t\t\t\t<div class=\"elementor-text-editor elementor-clearfix\">\n\t\t\t\t<p><span style=\"font-weight: 800;\">DIRETOR DE HONRA<\/span> | <i>Adhemar Santillo<\/i><\/p><p><i>\u00a0<\/i><\/p><p><i>\u00a0<\/i><\/p><p><span style=\"font-weight: 800;\">DIRETORA Geral\u00a0<\/span>| <i>Onaide Silva Santillo<\/i><\/p><p>\u00a0<\/p>\t\t\t\t\t<\/div>\n\t\t\t\t\t\t<\/div>\n\t\t\t\t<\/div>\n\t\t\t\t\t\t<\/div>\n\t\t\t\t\t<\/div>\n\t\t<\/div>\n\t\t\t\t\t\t\t\t<\/div>\n\t\t\t\t\t<\/div>\n\t\t<\/section>\n\t\t\t\t<section class=\"elementor-section elementor-top-section elementor-element elementor-element-f410384 elementor-section-boxed elementor-section-height-default elementor-section-height-default\" data-id=\"f410384\" data-element_type=\"section\">\n\t\t\t\t\t\t<div class=\"elementor-container elementor-column-gap-default\">\n\t\t\t\t\t\t\t<div class=\"elementor-row\">\n\t\t\t\t\t<div class=\"elementor-column elementor-col-100 elementor-top-column elementor-element elementor-element-a0df5d3\" data-id=\"a0df5d3\" data-element_type=\"column\">\n\t\t\t<div class=\"elementor-column-wrap elementor-element-populated\">\n\t\t\t\t\t\t\t<div class=\"elementor-widget-wrap\">\n\t\t\t\t\t\t<section class=\"elementor-section elementor-inner-section elementor-element elementor-element-d08da2f elementor-section-full_width elementor-section-height-min-height elementor-section-height-default\" data-id=\"d08da2f\" data-element_type=\"section\">\n\t\t\t\t\t\t<div class=\"elementor-container elementor-column-gap-default\">\n\t\t\t\t\t\t\t<div class=\"elementor-row\">\n\t\t\t\t\t<div class=\"elementor-column elementor-col-50 elementor-inner-column elementor-element elementor-element-730d292\" data-id=\"730d292\" data-element_type=\"column\">\n\t\t\t<div class=\"elementor-column-wrap elementor-element-populated\">\n\t\t\t\t\t\t\t<div class=\"elementor-widget-wrap\">\n\t\t\t\t\t\t<div class=\"elementor-element elementor-element-74c06bd elementor-widget__width-auto elementor-absolute elementor-widget elementor-widget-image\" data-id=\"74c06bd\" data-element_type=\"widget\" data-settings=\"{&quot;_position&quot;:&quot;absolute&quot;}\" data-widget_type=\"image.default\">\n\t\t\t\t<div class=\"elementor-widget-container\">\n\t\t\t\t\t\t\t\t<div class=\"elementor-image\">\n\t\t\t\t\t\t\t\t\t\t\t\t<img width=\"1024\" height=\"656\" src=\"https:\/\/www.radiomanchester.com.br\/fm\/wp-content\/uploads\/2019\/12\/Foto_dois-1024x656.jpeg\" class=\"attachment-large size-large\" alt=\"\" loading=\"lazy\" srcset=\"https:\/\/www.radiomanchester.com.br\/fm\/wp-content\/uploads\/2019\/12\/Foto_dois-1024x656.jpeg 1024w, https:\/\/www.radiomanchester.com.br\/fm\/wp-content\/uploads\/2019\/12\/Foto_dois-300x192.jpeg 300w, https:\/\/www.radiomanchester.com.br\/fm\/wp-content\/uploads\/2019\/12\/Foto_dois-768x492.jpeg 768w, https:\/\/www.radiomanchester.com.br\/fm\/wp-content\/uploads\/2019\/12\/Foto_dois.jpeg 1280w\" sizes=\"(max-width: 1024px) 100vw, 1024px\" \/>\t\t\t\t\t\t\t\t\t\t\t\t\t\t<\/div>\n\t\t\t\t\t\t<\/div>\n\t\t\t\t<\/div>\n\t\t\t\t\t\t<\/div>\n\t\t\t\t\t<\/div>\n\t\t<\/div>\n\t\t\t\t<div class=\"elementor-column elementor-col-50 elementor-inner-column elementor-element elementor-element-f9b62ca\" data-id=\"f9b62ca\" data-element_type=\"column\">\n\t\t\t<div class=\"elementor-column-wrap elementor-element-populated\">\n\t\t\t\t\t\t\t<div class=\"elementor-widget-wrap\">\n\t\t\t\t\t\t<div class=\"elementor-element elementor-element-237f5e5 elementor-widget elementor-widget-text-editor\" data-id=\"237f5e5\" data-element_type=\"widget\" data-widget_type=\"text-editor.default\">\n\t\t\t\t<div class=\"elementor-widget-container\">\n\t\t\t\t\t\t\t\t<div class=\"elementor-text-editor elementor-clearfix\">\n\t\t\t\t<p style=\"text-align: center; font-weight: 800; font-size: 30px; color: #053b8b;\">A R\u00c1DIO<\/p><p>No ar desde 21 de julho 1993, a R\u00e1dio Manchester 93,3 surge com a proposta de levar ao ouvinte uma programa\u00e7\u00e3o alegre, popular, evidenciando a m\u00fasica sertaneja. Uma programa\u00e7\u00e3o que agrada todas as idades e classes sociais, faz da Manchester uma emissora querida, recomendada e confi\u00e1vel, ao ouvinte e ao cliente. A Manchester 93.3 \u00e9 a emissora que leva entretenimento, informa\u00e7\u00e3o e m\u00fasica da melhor qualidade \u00e0s resid\u00eancias, ao escrit\u00f3rio, \u00e0 loja, ao local de trabalho ou no carro, sendo uma boa companhia para o ouvinte.<\/p><p>\u00a0<\/p><p>\u00a0<\/p><p>Orgulhosamente anapolina e goiana, temos uma programa\u00e7\u00e3o musical com mais de 70% sertanejo, tendo, ao longo do tempo lan\u00e7ado in\u00fameros artista que se tornaram conhecidos nacionalmente. Com 10.000 watts de pot\u00eancia, a Manchester FM 93,3 alcan\u00e7a mais de 60 munic\u00edpios nos estados de Goi\u00e1s e Distrito Federal.<\/p><p>\u00a0<\/p>\t\t\t\t\t<\/div>\n\t\t\t\t\t\t<\/div>\n\t\t\t\t<\/div>\n\t\t\t\t\t\t<\/div>\n\t\t\t\t\t<\/div>\n\t\t<\/div>\n\t\t\t\t\t\t\t\t<\/div>\n\t\t\t\t\t<\/div>\n\t\t<\/section>\n\t\t\t\t\t\t<\/div>\n\t\t\t\t\t<\/div>\n\t\t<\/div>\n\t\t\t\t\t\t\t\t<\/div>\n\t\t\t\t\t<\/div>\n\t\t<\/section>\n\t\t\t\t<section class=\"elementor-section elementor-top-section elementor-element elementor-element-c515079 elementor-section-content-top elementor-section-boxed elementor-section-height-default elementor-section-height-default\" data-id=\"c515079\" data-element_type=\"section\" data-settings=\"{&quot;shape_divider_top&quot;:&quot;waves&quot;}\">\n\t\t\t\t\t<div class=\"elementor-shape elementor-shape-top\" data-negative=\"false\">\n\t\t\t<svg xmlns=\"http:\/\/www.w3.org\/2000\/svg\" viewBox=\"0 0 1000 100\" preserveAspectRatio=\"none\">\n\t<path class=\"elementor-shape-fill\" d=\"M421.9,6.5c22.6-2.5,51.5,0.4,75.5,5.3c23.6,4.9,70.9,23.5,100.5,35.7c75.8,32.2,133.7,44.5,192.6,49.7\n\tc23.6,2.1,48.7,3.5,103.4-2.5c54.7-6,106.2-25.6,106.2-25.6V0H0v30.3c0,0,72,32.6,158.4,30.5c39.2-0.7,92.8-6.7,134-22.4\n\tc21.2-8.1,52.2-18.2,79.7-24.2C399.3,7.9,411.6,7.5,421.9,6.5z\"\/>\n<\/svg>\t\t<\/div>\n\t\t\t\t\t<div class=\"elementor-container elementor-column-gap-wide\">\n\t\t\t\t\t\t\t<div class=\"elementor-row\">\n\t\t\t\t\t<div class=\"elementor-column elementor-col-33 elementor-top-column elementor-element elementor-element-780b834\" data-id=\"780b834\" data-element_type=\"column\">\n\t\t\t<div class=\"elementor-column-wrap elementor-element-populated\">\n\t\t\t\t\t\t\t<div class=\"elementor-widget-wrap\">\n\t\t\t\t\t\t<div class=\"elementor-element elementor-element-4c01f1d elementor-vertical-align-middle elementor-view-default elementor-position-top elementor-widget elementor-widget-icon-box\" data-id=\"4c01f1d\" data-element_type=\"widget\" data-widget_type=\"icon-box.default\">\n\t\t\t\t<div class=\"elementor-widget-container\">\n\t\t\t\t\t<div class=\"elementor-icon-box-wrapper\">\n\t\t\t\t\t\t<div class=\"elementor-icon-box-icon\">\n\t\t\t\t<span class=\"elementor-icon elementor-animation-\" >\n\t\t\t\t<i class=\"fa fa-microphone\" aria-hidden=\"true\"><\/i>\t\t\t\t<\/span>\n\t\t\t<\/div>\n\t\t\t\t\t\t<div class=\"elementor-icon-box-content\">\n\t\t\t\t<h3 class=\"elementor-icon-box-title\">\n\t\t\t\t\t<span  >\n\t\t\t\t\t\t<span style=\"color: rgb(110, 193, 228); background-color: rgb(255, 255, 255);\">MISS\u00c3O<\/span><span style=\"color: rgb(110, 193, 228); background-color: rgb(255, 255, 255);\"><\/span>\t\t\t\t\t<\/span>\n\t\t\t\t<\/h3>\n\t\t\t\t\t\t\t\t\t<p class=\"elementor-icon-box-description\">\n\t\t\t\t\t\tPrestar servi\u00e7o de radiodifus\u00e3o \u00e0 comunidade com respeito ao ouvinte.Primar pela efici\u00eancia em veicular com verdade e clareza informa\u00e7\u00f5es de utilidade p\u00fablica, al\u00e9m de zelar pelo entretenimento de bom gosto. Divulgar comercialmente clientes com a confian\u00e7a de proporcionar oportunidades de crescimento econ\u00f4mico e oferecer conveni\u00eancia para os ouvintes.\t\t\t\t\t<\/p>\n\t\t\t\t\t\t\t<\/div>\n\t\t<\/div>\n\t\t\t\t<\/div>\n\t\t\t\t<\/div>\n\t\t\t\t\t\t<\/div>\n\t\t\t\t\t<\/div>\n\t\t<\/div>\n\t\t\t\t<div class=\"elementor-column elementor-col-33 elementor-top-column elementor-element elementor-element-b6021dc\" data-id=\"b6021dc\" data-element_type=\"column\">\n\t\t\t<div class=\"elementor-column-wrap elementor-element-populated\">\n\t\t\t\t\t\t\t<div class=\"elementor-widget-wrap\">\n\t\t\t\t\t\t<div class=\"elementor-element elementor-element-c993d0f elementor-vertical-align-middle elementor-view-default elementor-position-top elementor-widget elementor-widget-icon-box\" data-id=\"c993d0f\" data-element_type=\"widget\" data-widget_type=\"icon-box.default\">\n\t\t\t\t<div class=\"elementor-widget-container\">\n\t\t\t\t\t<div class=\"elementor-icon-box-wrapper\">\n\t\t\t\t\t\t<div class=\"elementor-icon-box-icon\">\n\t\t\t\t<span class=\"elementor-icon elementor-animation-\" >\n\t\t\t\t<i class=\"fa fa-bullseye\" aria-hidden=\"true\"><\/i>\t\t\t\t<\/span>\n\t\t\t<\/div>\n\t\t\t\t\t\t<div class=\"elementor-icon-box-content\">\n\t\t\t\t<h3 class=\"elementor-icon-box-title\">\n\t\t\t\t\t<span  >\n\t\t\t\t\t\tVis\u00e3o\t\t\t\t\t<\/span>\n\t\t\t\t<\/h3>\n\t\t\t\t\t\t\t\t\t<p class=\"elementor-icon-box-description\">\n\t\t\t\t\t\tProcuramos ser modelo de r\u00e1dio que inspire absoluta confian\u00e7a dos ouvinte e clientes, promovendo entretenimento e boa informa\u00e7\u00e3o, praticando o respeito aos direitos humanos. \n\nBuscamos ser um modelo de transpar\u00eancia, impessoalidade e justi\u00e7a para com todos funcion\u00e1rios, colaboradores e parceiros.\t\t\t\t\t<\/p>\n\t\t\t\t\t\t\t<\/div>\n\t\t<\/div>\n\t\t\t\t<\/div>\n\t\t\t\t<\/div>\n\t\t\t\t\t\t<\/div>\n\t\t\t\t\t<\/div>\n\t\t<\/div>\n\t\t\t\t<div class=\"elementor-column elementor-col-33 elementor-top-column elementor-element elementor-element-73f3cf5\" data-id=\"73f3cf5\" data-element_type=\"column\">\n\t\t\t<div class=\"elementor-column-wrap elementor-element-populated\">\n\t\t\t\t\t\t\t<div class=\"elementor-widget-wrap\">\n\t\t\t\t\t\t<div class=\"elementor-element elementor-element-b86e86d elementor-vertical-align-middle elementor-view-default elementor-position-top elementor-widget elementor-widget-icon-box\" data-id=\"b86e86d\" data-element_type=\"widget\" data-widget_type=\"icon-box.default\">\n\t\t\t\t<div class=\"elementor-widget-container\">\n\t\t\t\t\t<div class=\"elementor-icon-box-wrapper\">\n\t\t\t\t\t\t<div class=\"elementor-icon-box-icon\">\n\t\t\t\t<span class=\"elementor-icon elementor-animation-\" >\n\t\t\t\t<i class=\"fa fa-university\" aria-hidden=\"true\"><\/i>\t\t\t\t<\/span>\n\t\t\t<\/div>\n\t\t\t\t\t\t<div class=\"elementor-icon-box-content\">\n\t\t\t\t<h3 class=\"elementor-icon-box-title\">\n\t\t\t\t\t<span  >\n\t\t\t\t\t\tValores\t\t\t\t\t<\/span>\n\t\t\t\t<\/h3>\n\t\t\t\t\t\t\t\t\t<p class=\"elementor-icon-box-description\">\n\t\t\t\t\t\tNossos valores s\u00e3o firmados desde o in\u00edcio, em 1991, com trabalho, \u00e9tica, respeito \u00e0 diversidade em todos os seus aspectos, responsabilidade social, honestidade e estrita conduta moral e crist\u00e3.\t\t\t\t\t<\/p>\n\t\t\t\t\t\t\t<\/div>\n\t\t<\/div>\n\t\t\t\t<\/div>\n\t\t\t\t<\/div>\n\t\t\t\t\t\t<\/div>\n\t\t\t\t\t<\/div>\n\t\t<\/div>\n\t\t\t\t\t\t\t\t<\/div>\n\t\t\t\t\t<\/div>\n\t\t<\/section>\n\t\t\t\t\t\t<\/div>\n\t\t\t\t\t\t<\/div>\n\t\t\t\t\t<\/div>\n\t\t","protected":false},"excerpt":{"rendered":"<p class=\"excerpt\">DIRETOR DE HONRA | Adhemar Santillo \u00a0 \u00a0 DIRETORA Geral\u00a0| Onaide Silva Santillo \u00a0 A R\u00c1DIO No ar desde 21 de julho 1993, a R\u00e1dio Manchester 93,3 surge com a proposta de levar ao ouvinte uma programa\u00e7\u00e3o alegre, popular, evidenciando a m\u00fasica sertaneja. Uma programa\u00e7\u00e3o que agrada todas as idades e classes sociais, faz da [&hellip;]<\/p>\n","protected":false},"author":1,"featured_media":0,"parent":0,"menu_order":0,"comment_status":"closed","ping_status":"closed","template":"template-blank.php","meta":[],"yoast_head":"<!-- This site is optimized with the Yoast SEO plugin v18.3 - https:\/\/yoast.com\/wordpress\/plugins\/seo\/ -->\n<title>Quem Somos - Manchester FM 93,3<\/title>\n<meta name=\"robots\" content=\"index, follow, max-snippet:-1, max-image-preview:large, max-video-preview:-1\" \/>\n<link rel=\"canonical\" href=\"https:\/\/www.radiomanchester.com.br\/fm\/quem-somos\/\" \/>\n<meta property=\"og:locale\" content=\"pt_BR\" \/>\n<meta property=\"og:type\" content=\"article\" \/>\n<meta property=\"og:title\" content=\"Quem Somos - Manchester FM 93,3\" \/>\n<meta property=\"og:description\" content=\"DIRETOR DE HONRA | Adhemar Santillo \u00a0 \u00a0 DIRETORA Geral\u00a0| Onaide Silva Santillo \u00a0 A R\u00c1DIO No ar desde 21 de julho 1993, a R\u00e1dio Manchester 93,3 surge com a proposta de levar ao ouvinte uma programa\u00e7\u00e3o alegre, popular, evidenciando a m\u00fasica sertaneja. Uma programa\u00e7\u00e3o que agrada todas as idades e classes sociais, faz da [&hellip;]\" \/>\n<meta property=\"og:url\" content=\"https:\/\/www.radiomanchester.com.br\/fm\/quem-somos\/\" \/>\n<meta property=\"og:site_name\" content=\"Manchester FM 93,3\" \/>\n<meta property=\"article:modified_time\" content=\"2025-12-14T03:03:42+00:00\" \/>\n<meta name=\"twitter:card\" content=\"summary_large_image\" \/>\n<meta name=\"twitter:label1\" content=\"Est. tempo de leitura\" \/>\n\t<meta name=\"twitter:data1\" content=\"2 minutos\" \/>\n<script type=\"application\/ld+json\" class=\"yoast-schema-graph\">{\"@context\":\"https:\/\/schema.org\",\"@graph\":[{\"@type\":\"WebSite\",\"@id\":\"https:\/\/www.radiomanchester.com.br\/fm\/#website\",\"url\":\"https:\/\/www.radiomanchester.com.br\/fm\/\",\"name\":\"Manchester FM 93,3\",\"description\":\"Todo Mundo Ouve!\",\"potentialAction\":[{\"@type\":\"SearchAction\",\"target\":{\"@type\":\"EntryPoint\",\"urlTemplate\":\"https:\/\/www.radiomanchester.com.br\/fm\/?s={search_term_string}\"},\"query-input\":\"required name=search_term_string\"}],\"inLanguage\":\"pt-BR\"},{\"@type\":\"WebPage\",\"@id\":\"https:\/\/www.radiomanchester.com.br\/fm\/quem-somos\/#webpage\",\"url\":\"https:\/\/www.radiomanchester.com.br\/fm\/quem-somos\/\",\"name\":\"Quem Somos - Manchester FM 93,3\",\"isPartOf\":{\"@id\":\"https:\/\/www.radiomanchester.com.br\/fm\/#website\"},\"datePublished\":\"2019-03-07T17:06:40+00:00\",\"dateModified\":\"2025-12-14T03:03:42+00:00\",\"breadcrumb\":{\"@id\":\"https:\/\/www.radiomanchester.com.br\/fm\/quem-somos\/#breadcrumb\"},\"inLanguage\":\"pt-BR\",\"potentialAction\":[{\"@type\":\"ReadAction\",\"target\":[\"https:\/\/www.radiomanchester.com.br\/fm\/quem-somos\/\"]}]},{\"@type\":\"BreadcrumbList\",\"@id\":\"https:\/\/www.radiomanchester.com.br\/fm\/quem-somos\/#breadcrumb\",\"itemListElement\":[{\"@type\":\"ListItem\",\"position\":1,\"name\":\"Home\",\"item\":\"https:\/\/www.radiomanchester.com.br\/fm\/\"},{\"@type\":\"ListItem\",\"position\":2,\"name\":\"Quem Somos\"}]}]}<\/script>\n<!-- \/ Yoast SEO plugin. -->","yoast_head_json":{"title":"Quem Somos - Manchester FM 93,3","robots":{"index":"index","follow":"follow","max-snippet":"max-snippet:-1","max-image-preview":"max-image-preview:large","max-video-preview":"max-video-preview:-1"},"canonical":"https:\/\/www.radiomanchester.com.br\/fm\/quem-somos\/","og_locale":"pt_BR","og_type":"article","og_title":"Quem Somos - Manchester FM 93,3","og_description":"DIRETOR DE HONRA | Adhemar Santillo \u00a0 \u00a0 DIRETORA Geral\u00a0| Onaide Silva Santillo \u00a0 A R\u00c1DIO No ar desde 21 de julho 1993, a R\u00e1dio Manchester 93,3 surge com a proposta de levar ao ouvinte uma programa\u00e7\u00e3o alegre, popular, evidenciando a m\u00fasica sertaneja. Uma programa\u00e7\u00e3o que agrada todas as idades e classes sociais, faz da [&hellip;]","og_url":"https:\/\/www.radiomanchester.com.br\/fm\/quem-somos\/","og_site_name":"Manchester FM 93,3","article_modified_time":"2025-12-14T03:03:42+00:00","twitter_card":"summary_large_image","twitter_misc":{"Est. tempo de leitura":"2 minutos"},"schema":{"@context":"https:\/\/schema.org","@graph":[{"@type":"WebSite","@id":"https:\/\/www.radiomanchester.com.br\/fm\/#website","url":"https:\/\/www.radiomanchester.com.br\/fm\/","name":"Manchester FM 93,3","description":"Todo Mundo Ouve!","potentialAction":[{"@type":"SearchAction","target":{"@type":"EntryPoint","urlTemplate":"https:\/\/www.radiomanchester.com.br\/fm\/?s={search_term_string}"},"query-input":"required name=search_term_string"}],"inLanguage":"pt-BR"},{"@type":"WebPage","@id":"https:\/\/www.radiomanchester.com.br\/fm\/quem-somos\/#webpage","url":"https:\/\/www.radiomanchester.com.br\/fm\/quem-somos\/","name":"Quem Somos - Manchester FM 93,3","isPartOf":{"@id":"https:\/\/www.radiomanchester.com.br\/fm\/#website"},"datePublished":"2019-03-07T17:06:40+00:00","dateModified":"2025-12-14T03:03:42+00:00","breadcrumb":{"@id":"https:\/\/www.radiomanchester.com.br\/fm\/quem-somos\/#breadcrumb"},"inLanguage":"pt-BR","potentialAction":[{"@type":"ReadAction","target":["https:\/\/www.radiomanchester.com.br\/fm\/quem-somos\/"]}]},{"@type":"BreadcrumbList","@id":"https:\/\/www.radiomanchester.com.br\/fm\/quem-somos\/#breadcrumb","itemListElement":[{"@type":"ListItem","position":1,"name":"Home","item":"https:\/\/www.radiomanchester.com.br\/fm\/"},{"@type":"ListItem","position":2,"name":"Quem Somos"}]}]}},"_links":{"self":[{"href":"https:\/\/www.radiomanchester.com.br\/fm\/wp-json\/wp\/v2\/pages\/536"}],"collection":[{"href":"https:\/\/www.radiomanchester.com.br\/fm\/wp-json\/wp\/v2\/pages"}],"about":[{"href":"https:\/\/www.radiomanchester.com.br\/fm\/wp-json\/wp\/v2\/types\/page"}],"author":[{"embeddable":true,"href":"https:\/\/www.radiomanchester.com.br\/fm\/wp-json\/wp\/v2\/users\/1"}],"replies":[{"embeddable":true,"href":"https:\/\/www.radiomanchester.com.br\/fm\/wp-json\/wp\/v2\/comments?post=536"}],"version-history":[{"count":74,"href":"https:\/\/www.radiomanchester.com.br\/fm\/wp-json\/wp\/v2\/pages\/536\/revisions"}],"predecessor-version":[{"id":17017,"href":"https:\/\/www.radiomanchester.com.br\/fm\/wp-json\/wp\/v2\/pages\/536\/revisions\/17017"}],"wp:attachment":[{"href":"https:\/\/www.radiomanchester.com.br\/fm\/wp-json\/wp\/v2\/media?parent=536"}],"curies":[{"name":"wp","href":"https:\/\/api.w.org\/{rel}","templated":true}]}}